{"id":12,"date":"2024-04-01T10:31:29","date_gmt":"2024-04-01T10:31:29","guid":{"rendered":"https:\/\/looduskiiker.ee\/loodusgiid\/avaleht\/"},"modified":"2025-05-12T10:50:29","modified_gmt":"2025-05-12T07:50:29","slug":"avaleht","status":"publish","type":"page","link":"https:\/\/looduskiiker.ee\/loodusgiid\/","title":{"rendered":"Avaleht"},"content":{"rendered":"\r\n<div class=\"inherit-container-width wp-block-group alignfull has-background-background-color has-background is-layout-constrained wp-container-core-group-is-layout-75294154 wp-block-group-is-layout-constrained\" style=\"padding: 0;\">\r\n<div class=\"wp-block-columns alignfull has-foreground-color has-tertiary-background-color has-text-color has-background is-layout-flex wp-container-core-columns-is-layout-a671db07 wp-block-columns-is-layout-flex\" style=\"padding: 0;\">\r\n<div class=\"wp-block-column is-vertically-aligned-center is-layout-flow wp-block-column-is-layout-flow\" style=\"flex-basis: 30%;\">\r\n<figure class=\"wp-block-image size-large\"><img fetchpriority=\"high\" decoding=\"async\" width=\"768\" height=\"1024\" class=\"wp-image-49\" src=\"https:\/\/looduskiiker.ee\/loodusgiid\/wp-content\/uploads\/2024\/04\/IMG_1323-768x1024.jpeg\" alt=\"\" srcset=\"https:\/\/looduskiiker.ee\/loodusgiid\/wp-content\/uploads\/2024\/04\/IMG_1323-768x1024.jpeg 768w, https:\/\/looduskiiker.ee\/loodusgiid\/wp-content\/uploads\/2024\/04\/IMG_1323-225x300.jpeg 225w, https:\/\/looduskiiker.ee\/loodusgiid\/wp-content\/uploads\/2024\/04\/IMG_1323-1152x1536.jpeg 1152w, https:\/\/looduskiiker.ee\/loodusgiid\/wp-content\/uploads\/2024\/04\/IMG_1323.jpeg 1536w\" sizes=\"(max-width: 768px) 100vw, 768px\" \/><\/figure>\r\n<\/div>\r\n\r\n\r\n\r\n<div class=\"wp-block-column is-vertically-aligned-center is-layout-flow wp-block-column-is-layout-flow\" style=\"flex-basis: 40%; padding: var(--wp--preset--spacing--60) var(--wp--preset--spacing--40) var(--wp--preset--spacing--60) var(--wp--preset--spacing--40);\">\r\n<div class=\"wp-block-group alignwide is-content-justification-center is-layout-constrained wp-container-core-group-is-layout-1c0f5e70 wp-block-group-is-layout-constrained\">\r\n<h1 class=\"wp-block-heading has-text-align-center has-foreground-color has-text-color\">e-portfoolio<\/h1>\r\n\r\n\r\n\r\n<p class=\"has-text-align-center\" style=\"margin-top: 16px;\">Siia lehele on kogutud Haapsalu Kutsehariduskeskuses loodusgiidi erialal kahe aasta jooksul tehtud kirjalikud t\u00f6\u00f6d, k\u00e4idud retked ja piltidega \u00fclesanded.<\/p>\r\n\r\n\r\n\r\n<p>&nbsp;<\/p>\r\n\r\n\r\n\r\n<div class=\"wp-block-buttons is-content-justification-center is-layout-flex wp-container-core-buttons-is-layout-6e21085f wp-block-buttons-is-layout-flex\" style=\"margin-top: var(--wp--preset--spacing--40);\">\r\n<div class=\"wp-block-button\"><a class=\"wp-block-button__link wp-element-button\" href=\"https:\/\/looduskiiker.ee\/loodusgiid\/blogi\/\">Vaata blogisse<\/a><\/div>\r\n<\/div>\r\n<\/div>\r\n<\/div>\r\n\r\n\r\n\r\n<div class=\"wp-block-column is-layout-flow wp-block-column-is-layout-flow\" style=\"flex-basis: 30%;\">\r\n<div class=\"wp-block-cover is-light\" style=\"min-height: 70vh;aspect-ratio:unset;\"><img decoding=\"async\" width=\"848\" height=\"1131\" class=\"wp-block-cover__image-background wp-image-47\" src=\"https:\/\/looduskiiker.ee\/loodusgiid\/wp-content\/uploads\/2024\/04\/DE31018E-78D7-4260-AB75-322AA10B92C4.jpeg\" alt=\"\" data-object-fit=\"cover\" srcset=\"https:\/\/looduskiiker.ee\/loodusgiid\/wp-content\/uploads\/2024\/04\/DE31018E-78D7-4260-AB75-322AA10B92C4.jpeg 848w, https:\/\/looduskiiker.ee\/loodusgiid\/wp-content\/uploads\/2024\/04\/DE31018E-78D7-4260-AB75-322AA10B92C4-225x300.jpeg 225w, https:\/\/looduskiiker.ee\/loodusgiid\/wp-content\/uploads\/2024\/04\/DE31018E-78D7-4260-AB75-322AA10B92C4-768x1024.jpeg 768w\" sizes=\"(max-width: 848px) 100vw, 848px\" \/>\r\n<div class=\"wp-block-cover__inner-container is-layout-flow wp-block-cover-is-layout-flow\">\r\n<p class=\"has-text-align-center has-large-font-size\">\u00a0<\/p>\r\n<\/div>\r\n<\/div>\r\n<\/div>\r\n<\/div>\r\n<\/div>\r\n\r\n\r\n\r\n<div class=\"inherit-container-width wp-block-group alignfull has-background-background-color has-background is-layout-constrained wp-container-core-group-is-layout-7276a2bb wp-block-group-is-layout-constrained\" style=\"margin-top: 0; margin-bottom: 0; padding: var(--wp--preset--spacing--60) var(--wp--preset--spacing--30) var(--wp--preset--spacing--60) var(--wp--preset--spacing--30);\">\r\n<div class=\"wp-block-group is-content-justification-left is-layout-constrained wp-container-core-group-is-layout-8b4c372c wp-block-group-is-layout-constrained\">\r\n<h3 class=\"wp-block-heading\" style=\"margin-top: 12px;\">Minust<\/h3>\r\n\r\n\r\n\r\n<p>Ma olen s\u00fcndinud-kasvanud Hiiumaa l\u00f5pus, kus isegi Kesktelevisioon ei levinud, seega veetsin palju aega \u00f5ues. Teadsin ilusti, et j\u00e4nesekapsast v\u00f5ib s\u00fc\u00fca, kus t\u00e4rkavad esimesed sinililled v\u00f5i nurmenukud, kust leiab metsmaasikaid ja kukeseeni. Metsavahi ja metsniku t\u00fctrena oli ka tolleaegne teatmekirjandus ja teadmised kodus olemas.<\/p>\r\n\r\n\r\n\r\n<div class=\"wp-block-group is-layout-constrained wp-block-group-is-layout-constrained\">\r\n<p style=\"margin-top: 16px;\">Ka hilisemas elus on loodus j\u00e4\u00e4nud minu elu lahutamatuks osaks. M\u00e4ngin geopeitust v\u00f5i matkan perega, \u00fcksi, s\u00f5pradega, nii Eestis kui ka v\u00e4lismaal. Lisaks on juhtunud nii, et talvel elan Tallinnas ja suvel saan aeda pidada ning lilli kasvatada oma Hiiumaa aias.<\/p>\r\n\r\n\r\n\r\n<p>Fotograafia on mind samuti paelunud juba filmifotograafia ajast, seega on arvutisse kogunenud p\u00e4ris suur hulk loodusfotosid. Praegu p\u00fc\u00fcan j\u00f5udum\u00f6\u00f6da juba loodust filmida. Minu varasemate tegemistega saab tutvuda lehel <a href=\"https:\/\/pillevaljataga.com\">pillevaljataga.com<\/a><\/p>\r\n<p>Mul on ka kaubam\u00e4rk Looduskiiker ja kujundan Eesti loodusega seotud plakatiteid ning muid \u00f5ppematerjale. Praeguseks on mul kogus 13 erinevat plakatit.<\/p>\r\n<p><img decoding=\"async\" class=\"aligncenter size-large wp-image-377\" src=\"https:\/\/looduskiiker.ee\/loodusgiid\/wp-content\/uploads\/2025\/04\/oppeplakatid-ja-oppekaardid-1024x819.png\" alt=\"\" width=\"1024\" height=\"819\" srcset=\"https:\/\/looduskiiker.ee\/loodusgiid\/wp-content\/uploads\/2025\/04\/oppeplakatid-ja-oppekaardid-1024x819.png 1024w, https:\/\/looduskiiker.ee\/loodusgiid\/wp-content\/uploads\/2025\/04\/oppeplakatid-ja-oppekaardid-300x240.png 300w, https:\/\/looduskiiker.ee\/loodusgiid\/wp-content\/uploads\/2025\/04\/oppeplakatid-ja-oppekaardid-768x614.png 768w, https:\/\/looduskiiker.ee\/loodusgiid\/wp-content\/uploads\/2025\/04\/oppeplakatid-ja-oppekaardid-1536x1229.png 1536w, https:\/\/looduskiiker.ee\/loodusgiid\/wp-content\/uploads\/2025\/04\/oppeplakatid-ja-oppekaardid-2048x1638.png 2048w\" sizes=\"(max-width: 1024px) 100vw, 1024px\" \/><\/p>\r\n<p style=\"text-align: center;\"><a href=\"https:\/\/looduskiiker.ee\/\"><span style=\"color: #ff0000;\"><strong>LOODUSKIIKER<\/strong><\/span><\/a><\/p>\r\n<\/div>\r\n<\/div>\r\n<\/div>\r\n\r\n\r\n\r\n<div class=\"inherit-container-width wp-block-group alignfull has-background-background-color has-background is-layout-constrained wp-container-core-group-is-layout-fb85e995 wp-block-group-is-layout-constrained\" style=\"margin-top: 0; margin-bottom: 0; padding: var(--wp--preset--spacing--60) var(--wp--preset--spacing--30) var(--wp--preset--spacing--60) var(--wp--preset--spacing--30);\">\r\n<h3 class=\"wp-block-heading has-text-align-center\">Fotoaparaat on mu PARIM s\u00f5ber<\/h3>\r\n\r\n\r\n\r\n<p class=\"has-text-align-center\" style=\"margin-top: 16px;\">Need pildid siin on minu pildistatud. Osalesid 2024 aasta mais Loodusfestivali fotokonkursil ja olid v\u00e4ga edukad.<\/p>\r\n\r\n\r\n\r\n<div class=\"wp-block-group alignwide is-nowrap is-layout-flex wp-container-core-group-is-layout-6c531013 wp-block-group-is-layout-flex\">\r\n<figure class=\"wp-block-image size-large\"><img loading=\"lazy\" decoding=\"async\" width=\"683\" height=\"1024\" class=\"wp-image-39\" style=\"aspect-ratio: 3\/4; object-fit: cover;\" src=\"https:\/\/looduskiiker.ee\/loodusgiid\/wp-content\/uploads\/2024\/04\/IMGP5049-683x1024.jpg\" alt=\"\" srcset=\"https:\/\/looduskiiker.ee\/loodusgiid\/wp-content\/uploads\/2024\/04\/IMGP5049-683x1024.jpg 683w, https:\/\/looduskiiker.ee\/loodusgiid\/wp-content\/uploads\/2024\/04\/IMGP5049-200x300.jpg 200w, https:\/\/looduskiiker.ee\/loodusgiid\/wp-content\/uploads\/2024\/04\/IMGP5049-768x1152.jpg 768w, https:\/\/looduskiiker.ee\/loodusgiid\/wp-content\/uploads\/2024\/04\/IMGP5049-1024x1536.jpg 1024w, https:\/\/looduskiiker.ee\/loodusgiid\/wp-content\/uploads\/2024\/04\/IMGP5049-1365x2048.jpg 1365w, https:\/\/looduskiiker.ee\/loodusgiid\/wp-content\/uploads\/2024\/04\/IMGP5049-scaled.jpg 1707w\" sizes=\"(max-width: 683px) 100vw, 683px\" \/><\/figure>\r\n\r\n\r\n\r\n<figure class=\"wp-block-image size-large\"><img loading=\"lazy\" decoding=\"async\" width=\"683\" height=\"1024\" class=\"wp-image-40\" style=\"aspect-ratio: 3\/4; object-fit: cover;\" src=\"https:\/\/looduskiiker.ee\/loodusgiid\/wp-content\/uploads\/2024\/04\/IMGP0645-copy-683x1024.jpg\" alt=\"\" srcset=\"https:\/\/looduskiiker.ee\/loodusgiid\/wp-content\/uploads\/2024\/04\/IMGP0645-copy-683x1024.jpg 683w, https:\/\/looduskiiker.ee\/loodusgiid\/wp-content\/uploads\/2024\/04\/IMGP0645-copy-200x300.jpg 200w, https:\/\/looduskiiker.ee\/loodusgiid\/wp-content\/uploads\/2024\/04\/IMGP0645-copy-768x1152.jpg 768w, https:\/\/looduskiiker.ee\/loodusgiid\/wp-content\/uploads\/2024\/04\/IMGP0645-copy-1024x1536.jpg 1024w, https:\/\/looduskiiker.ee\/loodusgiid\/wp-content\/uploads\/2024\/04\/IMGP0645-copy-1365x2048.jpg 1365w, https:\/\/looduskiiker.ee\/loodusgiid\/wp-content\/uploads\/2024\/04\/IMGP0645-copy-scaled.jpg 1707w\" sizes=\"(max-width: 683px) 100vw, 683px\" \/><\/figure>\r\n\r\n\r\n\r\n<figure class=\"wp-block-image size-large\"><img loading=\"lazy\" decoding=\"async\" width=\"686\" height=\"1024\" class=\"wp-image-41\" style=\"aspect-ratio: 3\/4; object-fit: cover;\" src=\"https:\/\/looduskiiker.ee\/loodusgiid\/wp-content\/uploads\/2024\/04\/sipelgas-copy-686x1024.jpg\" alt=\"\" srcset=\"https:\/\/looduskiiker.ee\/loodusgiid\/wp-content\/uploads\/2024\/04\/sipelgas-copy-686x1024.jpg 686w, https:\/\/looduskiiker.ee\/loodusgiid\/wp-content\/uploads\/2024\/04\/sipelgas-copy-201x300.jpg 201w, https:\/\/looduskiiker.ee\/loodusgiid\/wp-content\/uploads\/2024\/04\/sipelgas-copy-768x1147.jpg 768w, https:\/\/looduskiiker.ee\/loodusgiid\/wp-content\/uploads\/2024\/04\/sipelgas-copy-1029x1536.jpg 1029w, https:\/\/looduskiiker.ee\/loodusgiid\/wp-content\/uploads\/2024\/04\/sipelgas-copy-1372x2048.jpg 1372w, https:\/\/looduskiiker.ee\/loodusgiid\/wp-content\/uploads\/2024\/04\/sipelgas-copy-scaled.jpg 1715w\" sizes=\"(max-width: 686px) 100vw, 686px\" \/><\/figure>\r\n<\/div>\r\n<\/div>\r\n\r\n\r\n\r\n<div class=\"inherit-container-width wp-block-group alignfull has-background-background-color has-background is-layout-constrained wp-container-core-group-is-layout-68d5e5bb wp-block-group-is-layout-constrained\" style=\"margin-top: 0; margin-bottom: 0; padding: var(--wp--preset--spacing--50) var(--wp--preset--spacing--30) var(--wp--preset--spacing--60) var(--wp--preset--spacing--30);\">\r\n<div class=\"wp-block-columns alignwide is-layout-flex wp-container-core-columns-is-layout-47c06fe3 wp-block-columns-is-layout-flex\">\r\n<div class=\"wp-block-column is-layout-flow wp-block-column-is-layout-flow\"><\/div>\r\n<div class=\"wp-block-column\">\r\n<div class=\"wp-block-group\">\r\n<p class=\"has-small-font-size\" style=\"margin-top: 8px;\">\u00a0<\/p>\r\n<\/div>\r\n<\/div>\r\n<\/div>\r\n<\/div>\r\n<!-- \/wp:post-content -->\r\n\r\n<!-- wp:paragraph -->\r\n<p>&nbsp;<\/p>\r\n<!-- \/wp:paragraph -->","protected":false},"excerpt":{"rendered":"<p>e-portfoolio Siia lehele on kogutud Haapsalu Kutsehariduskeskuses loodusgiidi erialal kahe aasta jooksul tehtud kirjalikud t\u00f6\u00f6d, k\u00e4idud retked ja piltidega \u00fclesanded. [&hellip;]<\/p>\n","protected":false},"author":1,"featured_media":0,"parent":0,"menu_order":0,"comment_status":"closed","ping_status":"closed","template":"","meta":{"site-sidebar-layout":"default","site-content-layout":"","ast-site-content-layout":"default","site-content-style":"default","site-sidebar-style":"default","ast-global-header-display":"","ast-banner-title-visibility":"","ast-main-header-display":"","ast-hfb-above-header-display":"","ast-hfb-below-header-display":"","ast-hfb-mobile-header-display":"","site-post-title":"","ast-breadcrumbs-content":"","ast-featured-img":"","footer-sml-layout":"","ast-disable-related-posts":"","theme-transparent-header-meta":"default","adv-header-id-meta":"","stick-header-meta":"","header-above-stick-meta":"","header-main-stick-meta":"","header-below-stick-meta":"","astra-migrate-meta-layouts":"set","ast-page-background-enabled":"default","ast-page-background-meta":{"desktop":{"background-color":"var(--ast-global-color-5)","background-image":"","background-repeat":"repeat","background-position":"center center","background-size":"auto","background-attachment":"scroll","background-type":"","background-media":"","overlay-type":"","overlay-color":"","overlay-opacity":"","overlay-gradient":""},"tablet":{"background-color":"","background-image":"","background-repeat":"repeat","background-position":"center center","background-size":"auto","background-attachment":"scroll","background-type":"","background-media":"","overlay-type":"","overlay-color":"","overlay-opacity":"","overlay-gradient":""},"mobile":{"background-color":"","background-image":"","background-repeat":"repeat","background-position":"center center","background-size":"auto","background-attachment":"scroll","background-type":"","background-media":"","overlay-type":"","overlay-color":"","overlay-opacity":"","overlay-gradient":""}},"ast-content-background-meta":{"desktop":{"background-color":"var(--ast-global-color-4)","background-image":"","background-repeat":"repeat","background-position":"center center","background-size":"auto","background-attachment":"scroll","background-type":"","background-media":"","overlay-type":"","overlay-color":"","overlay-opacity":"","overlay-gradient":""},"tablet":{"background-color":"var(--ast-global-color-4)","background-image":"","background-repeat":"repeat","background-position":"center center","background-size":"auto","background-attachment":"scroll","background-type":"","background-media":"","overlay-type":"","overlay-color":"","overlay-opacity":"","overlay-gradient":""},"mobile":{"background-color":"var(--ast-global-color-4)","background-image":"","background-repeat":"repeat","background-position":"center center","background-size":"auto","background-attachment":"scroll","background-type":"","background-media":"","overlay-type":"","overlay-color":"","overlay-opacity":"","overlay-gradient":""}},"footnotes":""},"class_list":["post-12","page","type-page","status-publish","hentry"],"_links":{"self":[{"href":"https:\/\/looduskiiker.ee\/loodusgiid\/wp-json\/wp\/v2\/pages\/12","targetHints":{"allow":["GET"]}}],"collection":[{"href":"https:\/\/looduskiiker.ee\/loodusgiid\/wp-json\/wp\/v2\/pages"}],"about":[{"href":"https:\/\/looduskiiker.ee\/loodusgiid\/wp-json\/wp\/v2\/types\/page"}],"author":[{"embeddable":true,"href":"https:\/\/looduskiiker.ee\/loodusgiid\/wp-json\/wp\/v2\/users\/1"}],"replies":[{"embeddable":true,"href":"https:\/\/looduskiiker.ee\/loodusgiid\/wp-json\/wp\/v2\/comments?post=12"}],"version-history":[{"count":27,"href":"https:\/\/looduskiiker.ee\/loodusgiid\/wp-json\/wp\/v2\/pages\/12\/revisions"}],"predecessor-version":[{"id":508,"href":"https:\/\/looduskiiker.ee\/loodusgiid\/wp-json\/wp\/v2\/pages\/12\/revisions\/508"}],"wp:attachment":[{"href":"https:\/\/looduskiiker.ee\/loodusgiid\/wp-json\/wp\/v2\/media?parent=12"}],"curies":[{"name":"wp","href":"https:\/\/api.w.org\/{rel}","templated":true}]}}